{"id":2790,"date":"2014-11-05T13:04:42","date_gmt":"2014-11-05T13:04:42","guid":{"rendered":"http:\/\/www.brandexponents.com\/oshin\/v9\/?page_id=2790"},"modified":"2026-04-29T10:03:28","modified_gmt":"2026-04-29T16:03:28","slug":"contactar-icesa-architects-costa-rica","status":"publish","type":"page","link":"https:\/\/icesa.cr\/es\/contact-icesa-architects-costa-rica\/","title":{"rendered":"Contacto"},"content":{"rendered":"<div  class=\"tatsu-hr21w7zhl7a7gj4o tatsu-section    tatsu-clearfix\" data-title=\"\"  data-headerscheme=\"background--light\"><div class='tatsu-section-pad clearfix' data-padding='{\"d\":\"0px 0% 60px 0%\"}' data-padding-top='0px'><div class=\"tatsu-row-wrap  tatsu-wrap tatsu-row-has-two-cols tatsu-no-gutter tatsu-eq-cols  tatsu-clearfix tatsu-hr21w7zhn5fyzh13\" ><style>.tatsu-hr21w7zhn5fyzh13.tatsu-row-wrap > .tatsu-row{padding: 0px 0px 10px 0px;}<\/style><div  class=\"tatsu-row\" ><div  class=\"tatsu-column  tatsu-column-no-bg tatsu-one-third tatsu-column-image-none tatsu-column-effect-none  tatsu-hr21w7zhp5dgnjkq\"  data-parallax-speed=\"0\" style=\"\"><div class=\"tatsu-column-inner\" ><div class=\"tatsu-column-pad-wrap\"><div class=\"tatsu-column-pad\" ><div  class=\"special-heading-wrap style1 oshine-module  tatsu-hr21w7zhqmcybyte\" ><div class=\"special-heading align-center\"><h4 class=\"special-h-tag\" >Cont\u00e1ctanos en<\/h4><div class=\"sub-title margin-bottom\">\n<p class=\"translation-block\"><a href=\"https:\/\/www.google.com\/maps\/place\/WRQR74F+San+Rafael+de+Escazu\" target=\"_self\">800 Oeste de McDonald\u2019s<\/a>, Guachipel\u00edn, Escaz\u00fa, San Jos\u00e9,<br>CR 10203 Plus Code: WRQR+74F<\/p>\n<p>Tel\u00e9fono <a href=\"tel:+50622281662\">+506 2228-1662<\/a><\/p>\n<p>Email: <a href=\"mailto:info@icesa.cr\">info@icesa.cr<\/a><\/p>\n<\/div><\/div><style>.tatsu-hr21w7zhqmcybyte{padding: 0 0 0px 0;margin: 0 0 0px 0;}<\/style><\/div><\/div><\/div><div class = \"tatsu-column-bg-image-wrap\"><div class = \"tatsu-column-bg-image\" ><\/div><\/div><\/div><style>.tatsu-row > .tatsu-hr21w7zhp5dgnjkq.tatsu-column{width: 33.4%;}.tatsu-hr21w7zhp5dgnjkq.tatsu-column{margin: 0 0 0px 0 !important;}.tatsu-hr21w7zhp5dgnjkq.tatsu-column > .tatsu-column-inner > .tatsu-column-overlay{mix-blend-mode: none;}.tatsu-hr21w7zhp5dgnjkq > .tatsu-column-inner > .tatsu-top-divider{z-index: 9999;}.tatsu-hr21w7zhp5dgnjkq > .tatsu-column-inner > .tatsu-bottom-divider{z-index: 9999;}.tatsu-hr21w7zhp5dgnjkq > .tatsu-column-inner > .tatsu-left-divider{z-index: 9999;}.tatsu-hr21w7zhp5dgnjkq > .tatsu-column-inner > .tatsu-right-divider{z-index: 9999;}@media only screen and (max-width:1377px) {.tatsu-row > .tatsu-hr21w7zhp5dgnjkq.tatsu-column{width: 33.33%;}}@media only screen and (min-width:768px) and (max-width: 1024px) {.tatsu-row > .tatsu-hr21w7zhp5dgnjkq.tatsu-column{width: 33.33%;}}@media only screen and (max-width: 767px) {.tatsu-row > .tatsu-hr21w7zhp5dgnjkq.tatsu-column{width: 100%;}}<\/style><\/div><div  class=\"tatsu-column  tatsu-bg-overlay tatsu-two-third tatsu-column-align-middle tatsu-column-image-none tatsu-column-effect-none  tatsu-Hkgui8VxaWl\"  data-parallax-speed=\"0\" style=\"\"><div class=\"tatsu-column-inner\" ><div class=\"tatsu-column-pad-wrap\"><div class=\"tatsu-column-pad\" ><div  class=\"tatsu-module tatsu-gmap-wrapper be-gdpr-consent-replace tatsu-hr21w7zjao394fzk\" data-gdpr-concern=\"gmaps\" ><div class=\"tatsu-gmap map_960\" data-address=\"Icesa Arquitectos, Calle Azofeifa, CR 10203\"  data-zoom=\"17\" data-latitude=\"9.938229\" data-longitude=\"-84.159852\" data-marker=\"\" data-style=\"standard\"><\/div><style>.tatsu-hr21w7zjao394fzk{height: 560px;}<\/style><\/div><div class=\"tatsu-module tatsu-gmap-wrapper be-gdpr-consent-message  tatsu-hr21w7zjao394fzk\"  style=\"background-position:center;background-size:cover;background-image:url(data:image\/png;base64,VGhlIEdvb2dsZSBNYXBzIFBsYXRmb3JtIHNlcnZlciByZWplY3RlZCB5b3VyIHJlcXVlc3QuIFlvdSBtdXN0IHVzZSBhbiBBUEkga2V5IHRvIGF1dGhlbnRpY2F0ZSBlYWNoIHJlcXVlc3QgdG8gR29vZ2xlIE1hcHMgUGxhdGZvcm0gQVBJcy4gRm9yIGFkZGl0aW9uYWwgaW5mb3JtYXRpb24sIHBsZWFzZSByZWZlciB0byBodHRwOi8vZy5jby9kZXYvbWFwcy1uby1hY2NvdW50);\" >  \n\t\t\t<style>.tatsu-hr21w7zjao394fzk{height: 560px;}<\/style>\n\t\t\t<div class=\"static-map-overlay\">\n\t\t\t<div class=\"static-map-content\">Se requiere su consentimiento para mostrar este contenido de google maps - <a href=\"#gdpr-popup\" class=\"mfp-popup white-popup privacy-settings\" data-type=\"HTML\" >La configuraci\u00f3n de privacidad<\/a> <\/div>\n\t\t\t<\/div>\n\t\t\t<\/div><\/div><\/div><div class = \"tatsu-column-bg-image-wrap\"><div class = \"tatsu-column-bg-image\" ><\/div><\/div><div class=\"tatsu-overlay tatsu-column-overlay tatsu-animate-none\" ><\/div><\/div><style>.tatsu-row > .tatsu-Hkgui8VxaWl.tatsu-column{width: 66.6%;}.tatsu-Hkgui8VxaWl.tatsu-column{margin: 0 0 0px 0 !important;}.tatsu-Hkgui8VxaWl.tatsu-column > .tatsu-column-inner > .tatsu-column-overlay{mix-blend-mode: normal;}.tatsu-Hkgui8VxaWl > .tatsu-column-inner > .tatsu-top-divider{z-index: 9999;}.tatsu-Hkgui8VxaWl > .tatsu-column-inner > .tatsu-bottom-divider{z-index: 9999;}.tatsu-Hkgui8VxaWl > .tatsu-column-inner > .tatsu-left-divider{z-index: 9999;}.tatsu-Hkgui8VxaWl > .tatsu-column-inner > .tatsu-right-divider{z-index: 9999;}@media only screen and (max-width:1377px) {.tatsu-row > .tatsu-Hkgui8VxaWl.tatsu-column{width: 66.67%;}}@media only screen and (min-width:768px) and (max-width: 1024px) {.tatsu-row > .tatsu-Hkgui8VxaWl.tatsu-column{width: 66.67%;}}@media only screen and (max-width: 767px) {.tatsu-row > .tatsu-Hkgui8VxaWl.tatsu-column{width: 100%;}}<\/style><\/div><\/div><\/div><\/div><div class=\"tatsu-section-background-wrap\"><div class = \"tatsu-section-background\" ><\/div><\/div><style>.tatsu-hr21w7zhl7a7gj4o{border-width: 0px 0px px 0px;border-style: solid;}.tatsu-hr21w7zhl7a7gj4o .tatsu-section-pad{padding: 0px 0% 60px 0%;}.tatsu-hr21w7zhl7a7gj4o > .tatsu-bottom-divider{z-index: 9999;}.tatsu-hr21w7zhl7a7gj4o > .tatsu-top-divider{z-index: 9999;}<\/style><\/div>","protected":false},"excerpt":{"rendered":"<p><a href=\"https:\/\/icesa.cr\/es\/contact-icesa-architects-costa-rica\/\" class=\"more-link style2-button\">Leer m\u00e1s<\/a><\/p>","protected":false},"author":1,"featured_media":0,"parent":0,"menu_order":0,"comment_status":"open","ping_status":"closed","template":"","meta":{"_monsterinsights_skip_tracking":false,"_monsterinsights_sitenote_active":false,"_monsterinsights_sitenote_note":"","_monsterinsights_sitenote_category":0,"footnotes":""},"class_list":["post-2790","page","type-page","status-publish","hentry"],"yoast_head":"<!-- This site is optimized with the Yoast SEO Premium plugin v27.5 (Yoast SEO v27.5) - https:\/\/yoast.com\/product\/yoast-seo-premium-wordpress\/ -->\n<title>Contact - Icesa Ingenieros y Arquitectos - Ingenier&iacute;a Ciudad Espacio y Arquitectura<\/title>\n<meta name=\"description\" content=\"Get in touch with ICESA Architects, Costa Rica&#039;s leading architecture firm. We are eager to listen to your ideas and transform them into reality. Contact us for innovative, sustainable design solutions.\" \/>\n<meta name=\"robots\" content=\"index, follow, max-snippet:-1, max-image-preview:large, max-video-preview:-1\" \/>\n<link rel=\"canonical\" href=\"https:\/\/icesa.cr\/es\/contactar-icesa-architects-costa-rica\/\" \/>\n<meta property=\"og:locale\" content=\"es_ES\" \/>\n<meta property=\"og:type\" content=\"article\" \/>\n<meta property=\"og:title\" content=\"Contact\" \/>\n<meta property=\"og:description\" content=\"Get in touch with ICESA Architects, Costa Rica&#039;s leading architecture firm. We are eager to listen to your ideas and transform them into reality. Contact us for innovative, sustainable design solutions.\" \/>\n<meta property=\"og:url\" content=\"https:\/\/icesa.cr\/es\/contactar-icesa-architects-costa-rica\/\" \/>\n<meta property=\"og:site_name\" content=\"Icesa Ingenieros y Arquitectos - Ingenier&iacute;a Ciudad Espacio y Arquitectura\" \/>\n<meta property=\"article:publisher\" content=\"https:\/\/www.facebook.com\/icesaarquitectos\" \/>\n<meta property=\"article:modified_time\" content=\"2026-04-29T16:03:28+00:00\" \/>\n<meta name=\"twitter:card\" content=\"summary_large_image\" \/>\n<meta name=\"twitter:label1\" content=\"Est. reading time\" \/>\n\t<meta name=\"twitter:data1\" content=\"6 minutos\" \/>\n<script type=\"application\/ld+json\" class=\"yoast-schema-graph\">{\"@context\":\"https:\\\/\\\/schema.org\",\"@graph\":[{\"@type\":\"WebPage\",\"@id\":\"https:\\\/\\\/icesa.cr\\\/en_us\\\/contact-icesa-architects-costa-rica\\\/\",\"url\":\"https:\\\/\\\/icesa.cr\\\/en_us\\\/contact-icesa-architects-costa-rica\\\/\",\"name\":\"Contact - Icesa Ingenieros y Arquitectos - Ingenier&iacute;a Ciudad Espacio y Arquitectura\",\"isPartOf\":{\"@id\":\"https:\\\/\\\/icesa.cr\\\/en_us\\\/#website\"},\"datePublished\":\"2014-11-05T13:04:42+00:00\",\"dateModified\":\"2026-04-29T16:03:28+00:00\",\"description\":\"Get in touch with ICESA Architects, Costa Rica's leading architecture firm. We are eager to listen to your ideas and transform them into reality. Contact us for innovative, sustainable design solutions.\",\"breadcrumb\":{\"@id\":\"https:\\\/\\\/icesa.cr\\\/en_us\\\/contact-icesa-architects-costa-rica\\\/#breadcrumb\"},\"inLanguage\":\"es-CR\",\"potentialAction\":[{\"@type\":\"ReadAction\",\"target\":[\"https:\\\/\\\/icesa.cr\\\/en_us\\\/contact-icesa-architects-costa-rica\\\/\"]}]},{\"@type\":\"BreadcrumbList\",\"@id\":\"https:\\\/\\\/icesa.cr\\\/en_us\\\/contact-icesa-architects-costa-rica\\\/#breadcrumb\",\"itemListElement\":[{\"@type\":\"ListItem\",\"position\":1,\"name\":\"Home\",\"item\":\"https:\\\/\\\/icesa.cr\\\/en_us\\\/\"},{\"@type\":\"ListItem\",\"position\":2,\"name\":\"Contact\"}]},{\"@type\":\"WebSite\",\"@id\":\"https:\\\/\\\/icesa.cr\\\/en_us\\\/#website\",\"url\":\"https:\\\/\\\/icesa.cr\\\/en_us\\\/\",\"name\":\"ICESA Costa Rican Architects for Innovative Architecture\",\"description\":\"Architects and Engineers in Costa Rica\",\"publisher\":{\"@id\":\"https:\\\/\\\/icesa.cr\\\/en_us\\\/#organization\"},\"potentialAction\":[{\"@type\":\"SearchAction\",\"target\":{\"@type\":\"EntryPoint\",\"urlTemplate\":\"https:\\\/\\\/icesa.cr\\\/en_us\\\/?s={search_term_string}\"},\"query-input\":{\"@type\":\"PropertyValueSpecification\",\"valueRequired\":true,\"valueName\":\"search_term_string\"}}],\"inLanguage\":\"es-CR\"},{\"@type\":\"Organization\",\"@id\":\"https:\\\/\\\/icesa.cr\\\/en_us\\\/#organization\",\"name\":\"Icesa Ingenier\u00eda Ciudad Espacio y Arquitectura\",\"url\":\"https:\\\/\\\/icesa.cr\\\/en_us\\\/\",\"logo\":{\"@type\":\"ImageObject\",\"inLanguage\":\"es-CR\",\"@id\":\"https:\\\/\\\/icesa.cr\\\/en_us\\\/#\\\/schema\\\/logo\\\/image\\\/\",\"url\":\"https:\\\/\\\/icesa.cr\\\/wp-content\\\/uploads\\\/2023\\\/06\\\/Logo-ICESA-Web.jpg\",\"contentUrl\":\"https:\\\/\\\/icesa.cr\\\/wp-content\\\/uploads\\\/2023\\\/06\\\/Logo-ICESA-Web.jpg\",\"width\":640,\"height\":640,\"caption\":\"Icesa Ingenier\u00eda Ciudad Espacio y Arquitectura\"},\"image\":{\"@id\":\"https:\\\/\\\/icesa.cr\\\/en_us\\\/#\\\/schema\\\/logo\\\/image\\\/\"},\"sameAs\":[\"https:\\\/\\\/www.facebook.com\\\/icesaarquitectos\",\"https:\\\/\\\/www.instagram.com\\\/icesa_arquitectos\\\/?hl=en\"]}]}<\/script>\n<!-- \/ Yoast SEO Premium plugin. -->","yoast_head_json":{"title":"Contacto - Icesa Ingenieros y Arquitectos - Ingenier\u00eda Ciudad Espacio y Arquitectura","description":"P\u00f3ngase en contacto con ICESA Architects, la principal firma de arquitectura de Costa Rica. Estamos ansiosos por escuchar sus ideas y hacerlas realidad. Cont\u00e1ctenos para obtener soluciones de dise\u00f1o innovadoras y sostenibles.","robots":{"index":"index","follow":"follow","max-snippet":"max-snippet:-1","max-image-preview":"max-image-preview:large","max-video-preview":"max-video-preview:-1"},"canonical":"https:\/\/icesa.cr\/es\/contactar-icesa-architects-costa-rica\/","og_locale":"es_ES","og_type":"article","og_title":"Contact","og_description":"Get in touch with ICESA Architects, Costa Rica's leading architecture firm. We are eager to listen to your ideas and transform them into reality. Contact us for innovative, sustainable design solutions.","og_url":"https:\/\/icesa.cr\/es\/contactar-icesa-architects-costa-rica\/","og_site_name":"Icesa Ingenieros y Arquitectos - Ingenier&iacute;a Ciudad Espacio y Arquitectura","article_publisher":"https:\/\/www.facebook.com\/icesaarquitectos","article_modified_time":"2026-04-29T16:03:28+00:00","twitter_card":"summary_large_image","twitter_misc":{"Est. reading time":"6 minutos"},"schema":{"@context":"https:\/\/schema.org","@graph":[{"@type":"WebPage","@id":"https:\/\/icesa.cr\/en_us\/contact-icesa-architects-costa-rica\/","url":"https:\/\/icesa.cr\/en_us\/contact-icesa-architects-costa-rica\/","name":"Contacto - Icesa Ingenieros y Arquitectos - Ingenier\u00eda Ciudad Espacio y Arquitectura","isPartOf":{"@id":"https:\/\/icesa.cr\/en_us\/#website"},"datePublished":"2014-11-05T13:04:42+00:00","dateModified":"2026-04-29T16:03:28+00:00","description":"P\u00f3ngase en contacto con ICESA Architects, la principal firma de arquitectura de Costa Rica. Estamos ansiosos por escuchar sus ideas y hacerlas realidad. Cont\u00e1ctenos para obtener soluciones de dise\u00f1o innovadoras y sostenibles.","breadcrumb":{"@id":"https:\/\/icesa.cr\/en_us\/contact-icesa-architects-costa-rica\/#breadcrumb"},"inLanguage":"es-CR","potentialAction":[{"@type":"ReadAction","target":["https:\/\/icesa.cr\/en_us\/contact-icesa-architects-costa-rica\/"]}]},{"@type":"BreadcrumbList","@id":"https:\/\/icesa.cr\/en_us\/contact-icesa-architects-costa-rica\/#breadcrumb","itemListElement":[{"@type":"ListItem","position":1,"name":"Home","item":"https:\/\/icesa.cr\/en_us\/"},{"@type":"ListItem","position":2,"name":"Contact"}]},{"@type":"WebSite","@id":"https:\/\/icesa.cr\/en_us\/#website","url":"https:\/\/icesa.cr\/en_us\/","name":"ICESA: Arquitectos costarricenses dedicados a la arquitectura innovadora","description":"Arquitectos e Ingenieros en Costa Rica","publisher":{"@id":"https:\/\/icesa.cr\/en_us\/#organization"},"potentialAction":[{"@type":"SearchAction","target":{"@type":"EntryPoint","urlTemplate":"https:\/\/icesa.cr\/en_us\/?s={search_term_string}"},"query-input":{"@type":"PropertyValueSpecification","valueRequired":true,"valueName":"search_term_string"}}],"inLanguage":"es-CR"},{"@type":"Organization","@id":"https:\/\/icesa.cr\/en_us\/#organization","name":"Icesa Ingenier\u00eda Ciudad Espacio y Arquitectura","url":"https:\/\/icesa.cr\/en_us\/","logo":{"@type":"ImageObject","inLanguage":"es-CR","@id":"https:\/\/icesa.cr\/en_us\/#\/schema\/logo\/image\/","url":"https:\/\/icesa.cr\/wp-content\/uploads\/2023\/06\/Logo-ICESA-Web.jpg","contentUrl":"https:\/\/icesa.cr\/wp-content\/uploads\/2023\/06\/Logo-ICESA-Web.jpg","width":640,"height":640,"caption":"Icesa Ingenier\u00eda Ciudad Espacio y Arquitectura"},"image":{"@id":"https:\/\/icesa.cr\/en_us\/#\/schema\/logo\/image\/"},"sameAs":["https:\/\/www.facebook.com\/icesaarquitectos","https:\/\/www.instagram.com\/icesa_arquitectos\/?hl=en"]}]}},"_links":{"self":[{"href":"https:\/\/icesa.cr\/es\/wp-json\/wp\/v2\/pages\/2790","targetHints":{"allow":["GET"]}}],"collection":[{"href":"https:\/\/icesa.cr\/es\/wp-json\/wp\/v2\/pages"}],"about":[{"href":"https:\/\/icesa.cr\/es\/wp-json\/wp\/v2\/types\/page"}],"author":[{"embeddable":true,"href":"https:\/\/icesa.cr\/es\/wp-json\/wp\/v2\/users\/1"}],"replies":[{"embeddable":true,"href":"https:\/\/icesa.cr\/es\/wp-json\/wp\/v2\/comments?post=2790"}],"version-history":[{"count":74,"href":"https:\/\/icesa.cr\/es\/wp-json\/wp\/v2\/pages\/2790\/revisions"}],"predecessor-version":[{"id":5708,"href":"https:\/\/icesa.cr\/es\/wp-json\/wp\/v2\/pages\/2790\/revisions\/5708"}],"wp:attachment":[{"href":"https:\/\/icesa.cr\/es\/wp-json\/wp\/v2\/media?parent=2790"}],"curies":[{"name":"la hora de","href":"https:\/\/api.w.org\/{rel}","templated":true}]}}